{"id":61,"date":"2023-10-27T07:32:13","date_gmt":"2023-10-27T07:32:13","guid":{"rendered":"https:\/\/lokomotifmedya.com.tr\/index.php\/lokomotif-medya\/"},"modified":"2023-10-27T10:46:05","modified_gmt":"2023-10-27T10:46:05","slug":"lokomotif-medya","status":"publish","type":"page","link":"https:\/\/lokomotifmedya.com.tr\/","title":{"rendered":"Lokomotif Medya"},"content":{"rendered":"\n    \n    <section class=\"u-border-2 u-border-grey-75 u-clearfix u-white u-section-2\" id=\"sec-0b98\">\n      <div class=\"u-clearfix u-sheet u-sheet-1\">\n        <img decoding=\"async\" class=\"u-image u-image-contain u-image-default u-preserve-proportions u-image-1\" src=\"https:\/\/lokomotifmedya.com.tr\/wp-content\/uploads\/2023\/10\/lokomotiflogo-2.jpg\" alt=\"\" data-image-width=\"780\" data-image-height=\"198\">\n        <h1 class=\"u-text u-text-black u-text-default u-text-1\"> LOKOMOT\u0130F MEDYA<span style=\"font-weight: 700;\"><\/span>\n        <\/h1>\n        <div class=\"u-border-3 u-border-black u-line u-line-horizontal u-line-1\"><\/div>\n        <h4 class=\"u-text u-text-default u-text-2\"> Konya'n\u0131n Medya Planlama Uzman\u0131<\/h4>\n      <\/div>\n    <\/section>\n    <section class=\"u-black u-clearfix u-section-3\" id=\"sec-0050\">\n      <div class=\"u-clearfix u-sheet u-sheet-1\"><\/div>\n    <\/section>\n    <section class=\"u-clearfix u-section-4\" id=\"sec-4e39\">\n      <div class=\"u-clearfix u-sheet u-valign-middle u-sheet-1\">\n        <h3 class=\"u-text u-text-default u-text-1\">LOKOMOT\u0130F RADYOLARI<\/h3>\n        <div class=\"u-border-3 u-border-custom-color-1 u-line u-line-horizontal u-line-1\"><\/div>\n        <img decoding=\"async\" class=\"u-image u-image-contain u-image-default u-image-1\" src=\"https:\/\/lokomotifmedya.com.tr\/wp-content\/uploads\/2023\/10\/LOGO.jpg\" alt=\"\" data-image-width=\"1245\" data-image-height=\"273\" data-href=\"https:\/\/lokomotifradyolari.com\" data-target=\"_blank\">\n      <\/div>\n    <\/section>\n    <section class=\"u-black u-clearfix u-section-5\" id=\"carousel_ac0c\">\n      <div class=\"u-clearfix u-sheet u-sheet-1\"><\/div>\n    <\/section>\n    <section class=\"u-clearfix u-section-6\" id=\"carousel_9e50\">\n      <div class=\"u-clearfix u-sheet u-sheet-1\">\n        <h3 class=\"u-text u-text-default u-text-1\">MECRALAR<\/h3>\n        <div class=\"u-border-3 u-border-custom-color-1 u-line u-line-horizontal u-line-1\"><\/div>\n        <div class=\"data-layout-selected u-clearfix u-layout-wrap u-layout-wrap-1\">\n          <div class=\"u-layout\">\n            <div class=\"u-layout-col\">\n              <div class=\"u-size-60\">\n                <div class=\"u-layout-row\">\n                  <div class=\"u-container-style u-dialog-link u-image u-layout-cell u-size-20 u-image-1\" data-image-width=\"900\" data-image-height=\"650\" data-href=\"#sec-e90e\" title=\"Pencere  1\" style=\"background-image: url(&quot;https:\/\/lokomotifmedya.com.tr\/wp-content\/uploads\/2023\/10\/radyo.png&quot;);\">\n                    <div class=\"u-container-layout u-container-layout-1\"><\/div>\n                  <\/div>\n                  <div class=\"u-container-style u-dialog-link u-image u-layout-cell u-size-20 u-image-2\" data-image-width=\"900\" data-image-height=\"650\" data-href=\"#sec-0c91\" title=\"Duvar Reklam\u0131\" style=\"background-image: url(&quot;https:\/\/lokomotifmedya.com.tr\/wp-content\/uploads\/2023\/10\/duvar.png&quot;);\">\n                    <div class=\"u-container-layout u-container-layout-2\"><\/div>\n                  <\/div>\n                  <div class=\"u-container-style u-dialog-link u-image u-layout-cell u-size-20 u-image-3\" data-image-width=\"900\" data-image-height=\"650\" data-href=\"#sec-39d8\" title=\"Televizyon\" style=\"background-image: url(&quot;https:\/\/lokomotifmedya.com.tr\/wp-content\/uploads\/2023\/10\/tv.png&quot;);\">\n                    <div class=\"u-container-layout u-container-layout-3\"><\/div>\n                  <\/div>\n                <\/div>\n              <\/div>\n            <\/div>\n          <\/div>\n        <\/div>\n        <div class=\"data-layout-selected u-clearfix u-layout-wrap u-layout-wrap-2\">\n          <div class=\"u-layout\">\n            <div class=\"u-layout-col\">\n              <div class=\"u-size-60\">\n                <div class=\"u-layout-row\">\n                  <div class=\"u-container-style u-dialog-link u-image u-layout-cell u-size-20 u-image-4\" data-image-width=\"900\" data-image-height=\"650\" data-href=\"#sec-e33d\" title=\"Televizyon 1\" style=\"background-image: url(&quot;https:\/\/lokomotifmedya.com.tr\/wp-content\/uploads\/2023\/10\/gazete.png&quot;);\">\n                    <div class=\"u-container-layout u-container-layout-4\"><\/div>\n                  <\/div>\n                  <div class=\"u-container-style u-dialog-link u-image u-layout-cell u-size-20 u-image-5\" data-image-width=\"900\" data-image-height=\"650\" data-href=\"#sec-b0e1\" title=\"SOSYALMEDYA\" style=\"background-image: url(&quot;https:\/\/lokomotifmedya.com.tr\/wp-content\/uploads\/2023\/10\/sosyal-medya.png&quot;);\">\n                    <div class=\"u-container-layout u-container-layout-5\"><\/div>\n                  <\/div>\n                  <div class=\"u-container-style u-dialog-link u-image u-layout-cell u-size-20 u-image-6\" data-image-width=\"900\" data-image-height=\"650\" data-href=\"#sec-4d04\" title=\"sinema\" style=\"background-image: url(&quot;https:\/\/lokomotifmedya.com.tr\/wp-content\/uploads\/2023\/10\/sinema.png&quot;);\">\n                    <div class=\"u-container-layout u-container-layout-6\"><\/div>\n                  <\/div>\n                <\/div>\n              <\/div>\n            <\/div>\n          <\/div>\n        <\/div>\n      <\/div>\n    <\/section>\n    <section class=\"u-black u-clearfix u-section-7\" id=\"carousel_5b2c\">\n      <div class=\"u-clearfix u-sheet u-sheet-1\"><\/div>\n    <\/section>\n    <section class=\"u-clearfix u-custom-color-1 u-section-8\" id=\"sec-98fa\">\n      <div class=\"u-clearfix u-sheet u-sheet-1\">\n        <h3 class=\"u-text u-text-default u-text-1\">B\u0130Z<\/h3>\n        <div class=\"u-border-3 u-border-white u-line u-line-horizontal u-line-1\"><\/div>\n        <h5 class=\"u-text u-text-2\"><u><b>Biz \u00f6yle b\u00f6yle de\u011fil bu i\u015fi baya iyi biliyoruz!<\/b><\/u>\n          <br>\n          <br> Medya uzman\u0131 olmak i\u00e7in \u00e7ok \u00e7al\u0131\u015ft\u0131k ve olduk. <br>\n          <br>Konya\u2019n\u0131n medya plan\u0131 uzman\u0131y\u0131z biz. <br>\n          <br>Her arac\u0131n farkl\u0131 hastal\u0131klara iyi geldi\u011fini biliyoruz. <br>\n          <br>\u015eimdi size demi\u015flerdir, \"sen TV reklam\u0131 yap\", yok \"sen gazete reklam\u0131 yap\", \"yok yok sen billboarda reklam ver\" diye. <br>\n          <br>Niye diye sorarsan\u0131z da, \"ba\u015fkas\u0131 \u015f\u00f6yle yapt\u0131\", \"\u015f\u00f6yle oldu sen de \u00f6yle yap\" derler. \n        <\/h5>\n        <h5 class=\"u-text u-text-3\"><u><b><\/b><\/u><u>Biz \u00f6yle demiyoruz.<\/u>\n          <br>\n          <br> Ba\u015fkas\u0131na iyi gelen ila\u00e7 seni \u00f6ld\u00fcr\u00fcrse, ki olmayacak \u015fey de\u011fil, olur mu olur.<br>\n          <br>Reklamda\n \u00f6lmezsiniz ama paran\u0131z bo\u015fa gider. Paran\u0131z\u0131n bo\u015fa gitmesini \nistiyorsan\u0131z aynen devam edin. Laf\u0131m\u0131z yok. Para sizin paran\u0131z. <br>\n          <br><b>AMA,<br><\/b> Kazanmak ve b\u00fcy\u00fcmek istiyorsan\u0131z e\u011fer, bize gelin size \u015f\u00f6yle etkili \nreklamlar yapal\u0131m \u015f\u00f6yle keyifle m\u00fc\u015fterinizle bulu\u015faca\u011f\u0131n\u0131z medya plan\u0131 \n\u00e7\u0131kartal\u0131m. Sonra da siz de artan sayg\u0131nl\u0131\u011f\u0131n\u0131za artan sat\u0131\u015flar\u0131n\u0131za \nbakarak oh be ne iyi ettim diye d\u00fc\u015f\u00fcn\u00fcn\u2026 <i>\n            <br>\n            <br>\u00c7ay\u0131n\u0131zdan yudum al\u0131n...<\/i>\n        <\/h5>\n      <\/div>\n    <\/section>\n    <section class=\"u-black u-clearfix u-section-9\" id=\"carousel_e15c\">\n      <div class=\"u-clearfix u-sheet u-sheet-1\"><\/div>\n    <\/section>\n    <section class=\"u-clearfix u-white u-section-10\" id=\"sec-6ad7\">\n      <div class=\"u-clearfix u-sheet u-valign-top u-sheet-1\">\n        <img decoding=\"async\" class=\"u-image u-image-contain u-image-default u-image-1\" src=\"https:\/\/lokomotifmedya.com.tr\/wp-content\/uploads\/2023\/10\/kroki.png\" alt=\"\" data-image-width=\"806\" data-image-height=\"804\">\n      <\/div>\n    <\/section>\n    <section class=\"u-clearfix u-custom-color-1 u-section-11\" id=\"sec-298b\">\n      <div class=\"u-clearfix u-sheet u-valign-middle u-sheet-1\">\n        <div class=\"u-clearfix u-expanded-width u-layout-wrap u-layout-wrap-1\">\n          <div class=\"u-layout\">\n            <div class=\"u-layout-row\">\n              <div class=\"u-container-style u-layout-cell u-size-20 u-layout-cell-1\">\n                <div class=\"u-container-layout u-container-layout-1\">\n                  <h3 class=\"u-text u-text-default u-text-1\">ADRES<\/h3>\n                  <h4 class=\"u-align-center u-text u-text-default u-text-2\"> Meram Yeniyol Caddesi Orgeneral Tural Mahallesi Gamze Sokak. 1\/A <br>Meram \/ KONYA \n                  <\/h4>\n                <\/div>\n              <\/div>\n              <div class=\"u-container-style u-layout-cell u-size-20 u-layout-cell-2\">\n                <div class=\"u-container-layout u-container-layout-2\">\n                  <h3 class=\"u-text u-text-default u-text-3\">SOSYAL A\u011eLAR<\/h3>\n                  <div class=\"u-social-icons u-spacing-10 u-social-icons-1\">\n                    <a class=\"u-social-url\" title=\"facebook\" target=\"_blank\" href=\"https:\/\/facebook.com\/name\"><span class=\"u-icon u-social-facebook u-social-icon u-text-white u-icon-1\"><svg class=\"u-svg-link\" preserveAspectRatio=\"xMidYMin slice\" viewBox=\"0 0 112 112\" style=\"\"><use xmlns:xlink=\"http:\/\/www.w3.org\/1999\/xlink\" xlink:href=\"#svg-d401\"><\/use><\/svg><svg class=\"u-svg-content\" viewBox=\"0 0 112 112\" x=\"0\" y=\"0\" id=\"svg-d401\"><path fill=\"currentColor\" d=\"M75.5,28.8H65.4c-1.5,0-4,0.9-4,4.3v9.4h13.9l-1.5,15.8H61.4v45.1H42.8V58.3h-8.8V42.4h8.8V32.2\nc0-7.4,3.4-18.8,18.8-18.8h13.8v15.4H75.5z\"><\/path><\/svg><\/span>\n                    <\/a>\n                    <a class=\"u-social-url\" title=\"twitter\" target=\"_blank\" href=\"https:\/\/twitter.com\/name\"><span class=\"u-icon u-social-icon u-social-twitter u-text-white u-icon-2\"><svg class=\"u-svg-link\" preserveAspectRatio=\"xMidYMin slice\" viewBox=\"0 0 112 112\" style=\"\"><use xmlns:xlink=\"http:\/\/www.w3.org\/1999\/xlink\" xlink:href=\"#svg-6183\"><\/use><\/svg><svg class=\"u-svg-content\" viewBox=\"0 0 112 112\" x=\"0\" y=\"0\" id=\"svg-6183\"><path fill=\"currentColor\" d=\"M92.2,38.2c0,0.8,0,1.6,0,2.3c0,24.3-18.6,52.4-52.6,52.4c-10.6,0.1-20.2-2.9-28.5-8.2\n\tc1.4,0.2,2.9,0.2,4.4,0.2c8.7,0,16.7-2.9,23-7.9c-8.1-0.2-14.9-5.5-17.3-12.8c1.1,0.2,2.4,0.2,3.4,0.2c1.6,0,3.3-0.2,4.8-0.7\n\tc-8.4-1.6-14.9-9.2-14.9-18c0-0.2,0-0.2,0-0.2c2.5,1.4,5.4,2.2,8.4,2.3c-5-3.3-8.3-8.9-8.3-15.4c0-3.4,1-6.5,2.5-9.2\n\tc9.1,11.1,22.7,18.5,38,19.2c-0.2-1.4-0.4-2.8-0.4-4.3c0.1-10,8.3-18.2,18.5-18.2c5.4,0,10.1,2.2,13.5,5.7c4.3-0.8,8.1-2.3,11.7-4.5\n\tc-1.4,4.3-4.3,7.9-8.1,10.1c3.7-0.4,7.3-1.4,10.6-2.9C98.9,32.3,95.7,35.5,92.2,38.2z\"><\/path><\/svg><\/span>\n                    <\/a>\n                    <a class=\"u-social-url\" title=\"instagram\" target=\"_blank\" href=\"https:\/\/instagram.com\/name\"><span class=\"u-icon u-social-icon u-social-instagram u-text-white u-icon-3\"><svg class=\"u-svg-link\" preserveAspectRatio=\"xMidYMin slice\" viewBox=\"0 0 112 112\" style=\"\"><use xmlns:xlink=\"http:\/\/www.w3.org\/1999\/xlink\" xlink:href=\"#svg-958b\"><\/use><\/svg><svg class=\"u-svg-content\" viewBox=\"0 0 112 112\" x=\"0\" y=\"0\" id=\"svg-958b\"><path fill=\"currentColor\" d=\"M55.9,32.9c-12.8,0-23.2,10.4-23.2,23.2s10.4,23.2,23.2,23.2s23.2-10.4,23.2-23.2S68.7,32.9,55.9,32.9z\n\t M55.9,69.4c-7.4,0-13.3-6-13.3-13.3c-0.1-7.4,6-13.3,13.3-13.3s13.3,6,13.3,13.3C69.3,63.5,63.3,69.4,55.9,69.4z\"><\/path><path fill=\"#FFFFFF\" d=\"M79.7,26.8c-3,0-5.4,2.5-5.4,5.4s2.5,5.4,5.4,5.4c3,0,5.4-2.5,5.4-5.4S82.7,26.8,79.7,26.8z\"><\/path><path fill=\"currentColor\" d=\"M78.2,11H33.5C21,11,10.8,21.3,10.8,33.7v44.7c0,12.6,10.2,22.8,22.7,22.8h44.7c12.6,0,22.7-10.2,22.7-22.7\n\tV33.7C100.8,21.1,90.6,11,78.2,11z M91,78.4c0,7.1-5.8,12.8-12.8,12.8H33.5c-7.1,0-12.8-5.8-12.8-12.8V33.7\n\tc0-7.1,5.8-12.8,12.8-12.8h44.7c7.1,0,12.8,5.8,12.8,12.8V78.4z\"><\/path><\/svg><\/span>\n                    <\/a>\n                  <\/div>\n                <\/div>\n              <\/div>\n              <div class=\"u-container-style u-layout-cell u-size-20 u-layout-cell-3\">\n                <div class=\"u-container-layout u-valign-top u-container-layout-3\">\n                  <h3 class=\"u-text u-text-default u-text-4\">\u0130LET\u0130\u015e\u0130M<\/h3>\n                  <h4 class=\"u-align-center u-text u-text-default u-text-5\">+90 505 656 24 80<br>\n                    <br>0332 323 9 333 \n                  <\/h4>\n                <\/div>\n              <\/div>\n            <\/div>\n          <\/div>\n        <\/div>\n      <\/div>\n    <\/section>\n    \n    \n    \n    \n    \n    \n    \n    \n    \n  \n","protected":false},"excerpt":{"rendered":"<p>LOKOMOT\u0130F MEDYA Konya&#8217;n\u0131n Medya Planlama Uzman\u0131 LOKOMOT\u0130F RADYOLARI MECRALAR B\u0130Z Biz \u00f6yle b\u00f6yle de\u011fil bu i\u015fi baya iyi biliyoruz! Medya uzman\u0131 olmak i\u00e7in \u00e7ok \u00e7al\u0131\u015ft\u0131k ve olduk. Konya\u2019n\u0131n medya plan\u0131 uzman\u0131y\u0131z biz. Her arac\u0131n farkl\u0131 hastal\u0131klara iyi geldi\u011fini biliyoruz. \u015eimdi size demi\u015flerdir, &#8220;sen TV reklam\u0131 yap&#8221;, yok &#8220;sen gazete reklam\u0131 yap&#8221;, &#8220;yok yok sen billboarda &hellip; <a href=\"https:\/\/lokomotifmedya.com.tr\/\" class=\"more-link\">Continue reading<span class=\"screen-reader-text\"> &#8220;Lokomotif Medya&#8221;<\/span><\/a><\/p>\n","protected":false},"author":1,"featured_media":0,"parent":0,"menu_order":1,"comment_status":"closed","ping_status":"closed","template":"","meta":{"footnotes":""},"class_list":["post-61","page","type-page","status-publish","hentry"],"_links":{"self":[{"href":"https:\/\/lokomotifmedya.com.tr\/index.php\/wp-json\/wp\/v2\/pages\/61","targetHints":{"allow":["GET"]}}],"collection":[{"href":"https:\/\/lokomotifmedya.com.tr\/index.php\/wp-json\/wp\/v2\/pages"}],"about":[{"href":"https:\/\/lokomotifmedya.com.tr\/index.php\/wp-json\/wp\/v2\/types\/page"}],"author":[{"embeddable":true,"href":"https:\/\/lokomotifmedya.com.tr\/index.php\/wp-json\/wp\/v2\/users\/1"}],"replies":[{"embeddable":true,"href":"https:\/\/lokomotifmedya.com.tr\/index.php\/wp-json\/wp\/v2\/comments?post=61"}],"version-history":[{"count":3,"href":"https:\/\/lokomotifmedya.com.tr\/index.php\/wp-json\/wp\/v2\/pages\/61\/revisions"}],"predecessor-version":[{"id":106,"href":"https:\/\/lokomotifmedya.com.tr\/index.php\/wp-json\/wp\/v2\/pages\/61\/revisions\/106"}],"wp:attachment":[{"href":"https:\/\/lokomotifmedya.com.tr\/index.php\/wp-json\/wp\/v2\/media?parent=61"}],"curies":[{"name":"wp","href":"https:\/\/api.w.org\/{rel}","templated":true}]}}